{"id":107,"date":"2026-02-12T10:50:56","date_gmt":"2026-02-12T09:50:56","guid":{"rendered":"https:\/\/www.atimuse.ch\/?page_id=107"},"modified":"2026-02-12T10:52:17","modified_gmt":"2026-02-12T09:52:17","slug":"sportello-telefonico-2","status":"publish","type":"page","link":"https:\/\/www.atimuse.ch\/?page_id=107","title":{"rendered":"SPORTELLO TELEFONICO"},"content":{"rendered":"\n<figure class=\"wp-block-image size-full\"><img loading=\"lazy\" decoding=\"async\" width=\"611\" height=\"465\" src=\"https:\/\/www.atimuse.ch\/wp-content\/uploads\/2026\/02\/sportello_tel.jpg\" alt=\"\" class=\"wp-image-108\" srcset=\"https:\/\/www.atimuse.ch\/wp-content\/uploads\/2026\/02\/sportello_tel.jpg 611w, https:\/\/www.atimuse.ch\/wp-content\/uploads\/2026\/02\/sportello_tel-300x228.jpg 300w\" sizes=\"auto, (max-width: 611px) 100vw, 611px\" \/><\/figure>\n\n\n\n<p>Salve!<\/p>\n\n\n\n<p>Siamo Laura e Nicole, rispettivamente mamme di due maschi, di nove e sei anni, e di tre bambini, due femmine di dieci, otto anni e un maschietto di cinque. Entrambe abbiamo un\/a figlio\/a a cui \u00e8 stato diagnosticato il Mutismo Selettivo.<\/p>\n\n\n\n<p>Per affrontare la situazione, ci siamo rivolte ad ATiMuSe, associazione nella quale abbiamo trovato informazioni, sostegno e confronto.<\/p>\n\n\n\n<p>Dall\u2019autunno 2024, Davide e Mirco, i nostri mariti, fanno parte del comitato di questa associazione.<\/p>\n\n\n\n<p>Noi, invece, ci mettiamo a disposizione con l\u2019intento di condividere le nostre esperienze e di fornire utili consigli ad altre famiglie che vivono la medesima situazione.<\/p>\n\n\n\n<p>Contattaci senza esitare e, se potremo contribuire ad aiutarti, ne saremo davvero liete.<\/p>\n\n\n\n<p>Il luned\u00ec e il marted\u00ec chiama Laura, il gioved\u00ec e il venerd\u00ec chiama Nicole;<br>il mercoled\u00ec siamo entrambe a tua disposizione.<\/p>\n\n\n\n<p><strong>Laura: +41 76 334 29 69&nbsp;&nbsp;&nbsp; e&nbsp;&nbsp;&nbsp; Nicole: +41 79 515 15 27<\/strong><\/p>\n\n\n\n<p>Lo sportello \u00e8 aperto a TUTTI: genitori, nonni, insegnanti, professionisti e tutte le figure dell\u2019ambito socio educativo che sentono la necessit\u00e0 di conoscere in modo pi\u00f9 approfondito questa tematica.<\/p>\n\n\n\n<p><strong>Tale consulenza NON \u00e8 una terapia psicologica ma un aiuto ed un supporto alla comprensione del disturbo e delle strategie pi\u00f9 idonee per affrontarlo serenamente.<\/strong><\/p>\n","protected":false},"excerpt":{"rendered":"<p>Salve! Siamo Laura e Nicole, rispettivamente mamme di due maschi, di nove e sei anni, e di tre bambini, due femmine di dieci, otto anni e un maschietto di cinque. Entrambe abbiamo un\/a figlio\/a a cui \u00e8 stato diagnosticato il Mutismo Selettivo. Per affrontare la situazione, ci siamo rivolte ad ATiMuSe, associazione nella quale abbiamo &hellip; <a href=\"https:\/\/www.atimuse.ch\/?page_id=107\" class=\"more-link\">Continua a leggere <span class=\"screen-reader-text\">SPORTELLO TELEFONICO<\/span><\/a><\/p>\n","protected":false},"author":1,"featured_media":110,"parent":0,"menu_order":0,"comment_status":"closed","ping_status":"closed","template":"","meta":{"footnotes":""},"class_list":["post-107","page","type-page","status-publish","has-post-thumbnail","hentry"],"_links":{"self":[{"href":"https:\/\/www.atimuse.ch\/index.php?rest_route=\/wp\/v2\/pages\/107","targetHints":{"allow":["GET"]}}],"collection":[{"href":"https:\/\/www.atimuse.ch\/index.php?rest_route=\/wp\/v2\/pages"}],"about":[{"href":"https:\/\/www.atimuse.ch\/index.php?rest_route=\/wp\/v2\/types\/page"}],"author":[{"embeddable":true,"href":"https:\/\/www.atimuse.ch\/index.php?rest_route=\/wp\/v2\/users\/1"}],"replies":[{"embeddable":true,"href":"https:\/\/www.atimuse.ch\/index.php?rest_route=%2Fwp%2Fv2%2Fcomments&post=107"}],"version-history":[{"count":1,"href":"https:\/\/www.atimuse.ch\/index.php?rest_route=\/wp\/v2\/pages\/107\/revisions"}],"predecessor-version":[{"id":109,"href":"https:\/\/www.atimuse.ch\/index.php?rest_route=\/wp\/v2\/pages\/107\/revisions\/109"}],"wp:featuredmedia":[{"embeddable":true,"href":"https:\/\/www.atimuse.ch\/index.php?rest_route=\/wp\/v2\/media\/110"}],"wp:attachment":[{"href":"https:\/\/www.atimuse.ch\/index.php?rest_route=%2Fwp%2Fv2%2Fmedia&parent=107"}],"curies":[{"name":"wp","href":"https:\/\/api.w.org\/{rel}","templated":true}]}}