{"id":11,"date":"2026-02-12T08:28:00","date_gmt":"2026-02-12T07:28:00","guid":{"rendered":"https:\/\/www.atimuse.ch\/?page_id=11"},"modified":"2026-02-12T08:55:49","modified_gmt":"2026-02-12T07:55:49","slug":"cose-il-mutismo-selettivo","status":"publish","type":"page","link":"https:\/\/www.atimuse.ch\/?page_id=11","title":{"rendered":"COS\u2019\u00c8 IL MUTISMO SELETTIVO"},"content":{"rendered":"\n<p>Perch\u00e9 mio figlio ha smesso di parlare con le persone? Perch\u00e9 non parla pi\u00f9 con le maestre? Perch\u00e9 non parla pi\u00f9 con gli altri bambini? Perch\u00e9 parla solo con alcune persone, e alla presenza di altre diventa piccolo piccolo e, per quanto cerchi di farlo, non riesce ad emettere alcun suono? Che strano, non lo ha mai fatto, ha sempre parlato! Ora in presenza della gente mi sussurra le parole all\u2019orecchio!<\/p>\n\n\n\n<p>Il Mutismo Selettivo \u00e8 questo. O meglio, i comportamenti dei bambini sono questi, ma dietro a tutto ci\u00f2 c\u2019\u00e8 molto altro. Scopriamolo insieme.<\/p>\n\n\n\n<p>Il Mutismo Selettivo \u00e8 un disturbo legato ad una forte ansia che impedisce ai bambini di parlare in diversi contesti sociali. Nella maggior parte dei casi tutto ha inizio con l\u2019inserimento alla scuola materna, il bambino si ritrova confrontato con una realt\u00e0 sociale e non riesce pi\u00f9 a parlare, cosa che invece ha sempre fatto. Il bambino in preda ad uno stato di forte ansia, si \u201ccongela\u201d di fronte ad un adulto, ad un coetaneo, alla nonna o al cuginetto, e NON RIESCE pi\u00f9 a parlare, nonostante lui VOGLIA FARLO. In altri contesti invece, come ad esempio in casa, in ambienti in cui si sente a proprio agio, il bambino \u00e8 sereno e tranquillo, e un gran chiacchierone! Ci\u00f2 non \u00e8 dovuto ad alcuna disfunzione biologica, lo sviluppo del linguaggio e dell\u2019apprendimento nella grande maggioranza dei casi, sono nella norma. Ci\u00f2 che contraddistingue questi bambini \u00e8 una marcata sensibilit\u00e0, sono in preda ad una fortissima ansia che impedisce loro di parlare e di comportarsi in maniera naturale. Colpito in queste circostanze anche l\u2019apparato motorio; i bambini muto selettivi si presentano impacciati, in preda al panico non riescono a gestire i loro atti; apparentemente potrebbero apparire scoordinati nei movimenti, inciampare, far cadere le cose di mano\u2026 ma tutto ci\u00f2 scompare magicamente quando tornano nelle loro case, e\/o quando sono con persone con cui si sentono a proprio agio. Frequentemente sono bambini sensibili alle percezioni sensoriali (rumori forti, urla), e al giudizio degli altri. Pignoli e perfezionisti, possono apparire abitudinari, le novit\u00e0 li potrebbero destabilizzare e provocare in loro ansia.<\/p>\n","protected":false},"excerpt":{"rendered":"<p>Perch\u00e9 mio figlio ha smesso di parlare con le persone? Perch\u00e9 non parla pi\u00f9 con le maestre? Perch\u00e9 non parla pi\u00f9 con gli altri bambini? Perch\u00e9 parla solo con alcune persone, e alla presenza di altre diventa piccolo piccolo e, per quanto cerchi di farlo, non riesce ad emettere alcun suono? Che strano, non lo &hellip; <a href=\"https:\/\/www.atimuse.ch\/?page_id=11\" class=\"more-link\">Continua a leggere <span class=\"screen-reader-text\">COS\u2019\u00c8 IL MUTISMO SELETTIVO<\/span><\/a><\/p>\n","protected":false},"author":1,"featured_media":49,"parent":0,"menu_order":0,"comment_status":"closed","ping_status":"closed","template":"","meta":{"footnotes":""},"class_list":["post-11","page","type-page","status-publish","has-post-thumbnail","hentry"],"_links":{"self":[{"href":"https:\/\/www.atimuse.ch\/index.php?rest_route=\/wp\/v2\/pages\/11","targetHints":{"allow":["GET"]}}],"collection":[{"href":"https:\/\/www.atimuse.ch\/index.php?rest_route=\/wp\/v2\/pages"}],"about":[{"href":"https:\/\/www.atimuse.ch\/index.php?rest_route=\/wp\/v2\/types\/page"}],"author":[{"embeddable":true,"href":"https:\/\/www.atimuse.ch\/index.php?rest_route=\/wp\/v2\/users\/1"}],"replies":[{"embeddable":true,"href":"https:\/\/www.atimuse.ch\/index.php?rest_route=%2Fwp%2Fv2%2Fcomments&post=11"}],"version-history":[{"count":1,"href":"https:\/\/www.atimuse.ch\/index.php?rest_route=\/wp\/v2\/pages\/11\/revisions"}],"predecessor-version":[{"id":12,"href":"https:\/\/www.atimuse.ch\/index.php?rest_route=\/wp\/v2\/pages\/11\/revisions\/12"}],"wp:featuredmedia":[{"embeddable":true,"href":"https:\/\/www.atimuse.ch\/index.php?rest_route=\/wp\/v2\/media\/49"}],"wp:attachment":[{"href":"https:\/\/www.atimuse.ch\/index.php?rest_route=%2Fwp%2Fv2%2Fmedia&parent=11"}],"curies":[{"name":"wp","href":"https:\/\/api.w.org\/{rel}","templated":true}]}}