{"id":175,"date":"2026-04-01T11:39:02","date_gmt":"2026-04-01T09:39:02","guid":{"rendered":"https:\/\/www.atimuse.ch\/?page_id=175"},"modified":"2026-04-01T11:46:49","modified_gmt":"2026-04-01T09:46:49","slug":"lunione-fa-la-forza","status":"publish","type":"page","link":"https:\/\/www.atimuse.ch\/?page_id=175","title":{"rendered":"L&#8217;unione fa la forza"},"content":{"rendered":"\n<p><strong><em>di Emanuela Iacchia<\/em><\/strong><\/p>\n\n\n\n<figure class=\"wp-block-image size-full\"><img loading=\"lazy\" decoding=\"async\" width=\"640\" height=\"427\" src=\"https:\/\/www.atimuse.ch\/wp-content\/uploads\/2026\/02\/anna-samoylova-w55SpMmoPgE-unsplash.webp\" alt=\"\" class=\"wp-image-79\" srcset=\"https:\/\/www.atimuse.ch\/wp-content\/uploads\/2026\/02\/anna-samoylova-w55SpMmoPgE-unsplash.webp 640w, https:\/\/www.atimuse.ch\/wp-content\/uploads\/2026\/02\/anna-samoylova-w55SpMmoPgE-unsplash-300x200.webp 300w\" sizes=\"auto, (max-width: 640px) 100vw, 640px\" \/><\/figure>\n\n\n\n<p>Tutti conosciamo il detto \u201cl\u2019unione fa la forza\u201d, a me \u00e8 sempre piaciuto molto.&nbsp;&nbsp;Poter condividere un\u2019esperienza &nbsp;con persone che guardano verso il nostro stesso orizzonte, genera una potentissima sinergia. Collaborando, le professionalit\u00e0 di ognuno possono svilupparsi&nbsp;creando un volano di opportunit\u00e0 incredibili&nbsp;che da sole non si sarebbero mai potute realizzare.<\/p>\n\n\n\n<p>Una arricchente esperienza di condivisione \u00e8 stata quella&nbsp;tra Aimuse ed Atimuse (Associazione Mutismo Selettivo del Canton Ticino ) dove le famiglie svizzere e italiane, i bambini e i professionisti si sono incontrati per una gita insieme, in un parco in compagnia degli alpaca, stupendi e simpatici animali abituati a stare con le persone. &nbsp;Non tutti i partecipanti alla passeggiata si conoscevano precedentemente, ma l\u2019obiettivo di trascorrere alcune ore piacevoli e ben organizzate, per invogliare i bambini ed gli adolescenti ad aprirsi attraverso una nuova avventura, subito ha accomunato tutti.<\/p>\n\n\n\n<p>Quando il desiderio \u00e8 collaborare per il bene comune non c\u2019\u00e8 bisogno di grandi gesti,&nbsp;molto spesso uno sguardo o delle azioni all\u2019apparenza piccole, ma che in realt\u00e0 sono ricche di significato e di affetto sincero, sono la strada da percorrere. E cos\u00ec \u00e8 stato: dopo un primo momento di naturale imbarazzo, ognuno ha potuto gioire della presenza dell\u2019altro e le parole hanno riempito il silenzio iniziale. Il grande divertimento di spazzolare gli asinelli, coccolare i conigli e portare a passeggio gli alpaca, ha reso tutto pi\u00f9 facile.<\/p>\n\n\n\n<p>Quale \u00e8 stata la magia della riuscita di questa giornata? La collaborazione tra due realt\u00e0 vicine, Aimuse e Atimuse, con il desiderio di raggiungere insieme lo stesso obiettivo. Mettersi a disposizione uno dell\u2019altro e condividere tempo, spazio, impegno e professionalit\u00e0 al servizio dei bambini e degli &nbsp;adolescenti con mutismo selettivo e delle loro famiglie.<\/p>\n\n\n\n<p>Tutti, accomunati da uno stesso spirito, sapevamo bene che non \u00e8 sostituendosi&nbsp; a chi sta cercando di farcela che si \u00e8 utili, ma permettendo, a chi \u00e8 in cammino e con fatica&nbsp; affronta le sue paure, di sperimentarsi e di&nbsp;imparare, anche dagli errori.&nbsp; Solo cos\u00ec si consente, a chi sta diventando grande, di diventare anche pi\u00f9 forte.<\/p>\n\n\n\n<p>Ognuno ha potuto aiutare l\u2019altro, c\u2019erano bambini che facevano coraggio ai genitori pi\u00f9 timorosi, c\u2019erano adolescenti che non perdevano d\u2019occhio i fratelli piccoli ed erano pronti ad intervenire per dare una mano se necessario, c\u2019era chi raccoglieva foglie per tutti e le distribuiva&nbsp; per permettere ad ognuno di noi di darle in pasto agli alpaca.<\/p>\n\n\n\n<p>Essere d\u2019aiuto a qualcuno fa stare bene&nbsp;e per farlo, anche in questo caso, non c\u2019\u00e8 bisogno di grandi gesti o azioni straordinarie, sono sufficienti degli&nbsp;atti di cortesia&nbsp;che talvolta tendiamo anche a non notare o sottovalutare. Aiutare ci fa sentire utili&nbsp;e va ad agire in modo diretto sulla nostra&nbsp;autostima e, se lo si fa anche verso persone che si conoscono poco, aumenta il coraggio,&nbsp;d\u00e0 gioia e&nbsp;fa nascere il desiderio di rifarlo in futuro. Osservando i bambini e i ragazzi mi accorgevo di quanti sorrisi nascevano spontaneamente dopo un loro gesto di aiuto verso l\u2019altro.<\/p>\n\n\n\n<p>E che questa collaborazione tra due realt\u00e0 vicine sia essa stessa un passo e un esempio concreto verso l\u2019apertura? Direi di s\u00ec.<\/p>\n\n\n\n<p><strong>Emanuela Iacchia<\/strong> \u2013 <em>psicologa e psicoterapeuta, direttore Comitato scientifico Aimuse<\/em><\/p>\n","protected":false},"excerpt":{"rendered":"<p>di Emanuela Iacchia Tutti conosciamo il detto \u201cl\u2019unione fa la forza\u201d, a me \u00e8 sempre piaciuto molto.&nbsp;&nbsp;Poter condividere un\u2019esperienza &nbsp;con persone che guardano verso il nostro stesso orizzonte, genera una potentissima sinergia. Collaborando, le professionalit\u00e0 di ognuno possono svilupparsi&nbsp;creando un volano di opportunit\u00e0 incredibili&nbsp;che da sole non si sarebbero mai potute realizzare. Una arricchente esperienza &hellip; <a href=\"https:\/\/www.atimuse.ch\/?page_id=175\" class=\"more-link\">Continua a leggere <span class=\"screen-reader-text\">L&#8217;unione fa la forza<\/span><\/a><\/p>\n","protected":false},"author":1,"featured_media":0,"parent":0,"menu_order":0,"comment_status":"closed","ping_status":"closed","template":"","meta":{"footnotes":""},"class_list":["post-175","page","type-page","status-publish","hentry"],"_links":{"self":[{"href":"https:\/\/www.atimuse.ch\/index.php?rest_route=\/wp\/v2\/pages\/175","targetHints":{"allow":["GET"]}}],"collection":[{"href":"https:\/\/www.atimuse.ch\/index.php?rest_route=\/wp\/v2\/pages"}],"about":[{"href":"https:\/\/www.atimuse.ch\/index.php?rest_route=\/wp\/v2\/types\/page"}],"author":[{"embeddable":true,"href":"https:\/\/www.atimuse.ch\/index.php?rest_route=\/wp\/v2\/users\/1"}],"replies":[{"embeddable":true,"href":"https:\/\/www.atimuse.ch\/index.php?rest_route=%2Fwp%2Fv2%2Fcomments&post=175"}],"version-history":[{"count":6,"href":"https:\/\/www.atimuse.ch\/index.php?rest_route=\/wp\/v2\/pages\/175\/revisions"}],"predecessor-version":[{"id":184,"href":"https:\/\/www.atimuse.ch\/index.php?rest_route=\/wp\/v2\/pages\/175\/revisions\/184"}],"wp:attachment":[{"href":"https:\/\/www.atimuse.ch\/index.php?rest_route=%2Fwp%2Fv2%2Fmedia&parent=175"}],"curies":[{"name":"wp","href":"https:\/\/api.w.org\/{rel}","templated":true}]}}