{"id":23,"date":"2026-02-12T08:33:24","date_gmt":"2026-02-12T07:33:24","guid":{"rendered":"https:\/\/www.atimuse.ch\/?page_id=23"},"modified":"2026-02-12T08:56:50","modified_gmt":"2026-02-12T07:56:50","slug":"perche-non-e-solo-timidezza","status":"publish","type":"page","link":"https:\/\/www.atimuse.ch\/?page_id=23","title":{"rendered":"PERCH\u00c8 NON \u00c8 SOLO TIMIDEZZA"},"content":{"rendered":"\n<p><strong>Le cause e i dati<\/strong><\/p>\n\n\n\n<p>Non ci sono cause precise responsabili della comparsa del Mutismo Selettivo. Sicuramente particolari aspetti emotivi, sociali e psicologici sono di attribuzione a questo problema. &nbsp;A livello ereditario se, in famiglia, i genitori o parenti stretti sono particolarmente timidi, ansiosi, o socialmente isolati; frequenti i casi in famiglie bilingue; un evento particolare che \u00e8 stato vissuto dal bambino come un piccolo trauma, che lo ha poi portato a chiudersi al mondo per paura\u2026 &nbsp;In genere la comparsa del problema avviene intorno ai 4 anni, quando il bambino inizia ad avere contatti con diversi contesti sociali, come ad esempio la scuola materna.&nbsp; Si stima che i bambini coinvolti siano 1 su 140, in maggioranza le femmine rispetto ai maschi.<\/p>\n\n\n\n<p><strong>Perch\u00e9 non \u00e8 solo timidezza<\/strong><\/p>\n\n\n\n<p>Non si preoccupi, suo figlio \u00e8 solo molto timido, passer\u00e0\u2026<\/p>\n\n\n\n<p>No. Non passer\u00e0. Non cos\u00ec. Perch\u00e9 NON \u00e8 SOLO TIMIDEZZA. Con il tempo, con il crescere, con il rafforzamento della propria autostima la timidezza passa, si assottiglia. NON il Mutismo Selettivo. Se non diagnosticato, riconosciuto, e trattato nella maniera corretta.<\/p>\n\n\n\n<p>Accade spesso, soprattutto all\u2019inizio, che gli adulti non diano sufficiente importanza a questi comportamenti, il bambino viene semplicemente descritto come estremamente timido, o il problema scambiato per un altro disturbo. E\u2019 importantissima la tempestivit\u00e0 nel riconoscere un bambino muto selettivo per affrontarlo immediatamente nella maniera corretta. Una scorretta valutazione del problema determina un potenziamento del disturbo che si protrarr\u00e0 poi anche nell\u2019et\u00e0 pi\u00f9 adulta. Grazie alla scoperta del Mutismo Selettivo, sempre pi\u00f9 adolescenti e anche persone adulte, hanno finalmente dato un nome ai loro particolari atteggiamenti che li hanno caratterizzati sin da bambini, e che ora sanno finalmente come affrontarli.<\/p>\n\n\n\n<p>Se riconosciuto tempestivamente, questo problema pu\u00f2 essere risolto in tempi pi\u00f9 o meno brevi, in ogni caso dal Mutismo Selettivo si esce!<\/p>\n\n\n\n<p><strong>Criteri diagnostici: come riconoscere il Mutismo Selettivo<\/strong><\/p>\n\n\n\n<p>I criteri diagnostici per individuare un bambino muto selettivo sono i seguenti:<\/p>\n\n\n\n<ol class=\"wp-block-list\">\n<li>Il bambino non parla in determinati luoghi, come la scuola, o altri contesti sociali.<\/li>\n\n\n\n<li>Il bambino parla e si comporta in maniera naturale nelle situazioni in cui si sente a proprio agio come a casa, sebbene alcuni bambini possono essere muti anche tra le mura domestiche.<\/li>\n\n\n\n<li>L\u2019incapacit\u00e0 del bambino di parlare interferisce con la sua capacit\u00e0 di \u201cfunzionare\u201d nel contesto scolastico e\/o nelle situazioni sociali.<\/li>\n\n\n\n<li>Il mutismo dura da almeno un mese.<\/li>\n\n\n\n<li>Non sono presenti disturbi della comunicazione, come le balbuzie, o disturbi mentali, come autismo, schizofrenia, ritardo mentale.<\/li>\n<\/ol>\n\n\n\n<p>I bambini muto selettivi possono comunicare attraverso gesti, annuendo o scuotendo il capo in segno di negazione, spingendo o tirando l\u2019interlocutore o in alcuni casi emettendo suoni monosillabici, corti o monotoni, o alternando la voce e riproducendo a volte il verso di animali, parlando all\u2019orecchio dell\u2019interlocutore.<\/p>\n\n\n\n<p>I bambini selettivamente muti possono avere inoltre difficolt\u00e0 nel mantenere il contatto visivo, il loro volto pu\u00f2 apparire inespressivo, e possono avere una rigidit\u00e0 fisica pi\u00f9 o meno marcata.<\/p>\n","protected":false},"excerpt":{"rendered":"<p>Le cause e i dati Non ci sono cause precise responsabili della comparsa del Mutismo Selettivo. Sicuramente particolari aspetti emotivi, sociali e psicologici sono di attribuzione a questo problema. &nbsp;A livello ereditario se, in famiglia, i genitori o parenti stretti sono particolarmente timidi, ansiosi, o socialmente isolati; frequenti i casi in famiglie bilingue; un evento &hellip; <a href=\"https:\/\/www.atimuse.ch\/?page_id=23\" class=\"more-link\">Continua a leggere <span class=\"screen-reader-text\">PERCH\u00c8 NON \u00c8 SOLO TIMIDEZZA<\/span><\/a><\/p>\n","protected":false},"author":1,"featured_media":49,"parent":0,"menu_order":0,"comment_status":"closed","ping_status":"closed","template":"","meta":{"footnotes":""},"class_list":["post-23","page","type-page","status-publish","has-post-thumbnail","hentry"],"_links":{"self":[{"href":"https:\/\/www.atimuse.ch\/index.php?rest_route=\/wp\/v2\/pages\/23","targetHints":{"allow":["GET"]}}],"collection":[{"href":"https:\/\/www.atimuse.ch\/index.php?rest_route=\/wp\/v2\/pages"}],"about":[{"href":"https:\/\/www.atimuse.ch\/index.php?rest_route=\/wp\/v2\/types\/page"}],"author":[{"embeddable":true,"href":"https:\/\/www.atimuse.ch\/index.php?rest_route=\/wp\/v2\/users\/1"}],"replies":[{"embeddable":true,"href":"https:\/\/www.atimuse.ch\/index.php?rest_route=%2Fwp%2Fv2%2Fcomments&post=23"}],"version-history":[{"count":1,"href":"https:\/\/www.atimuse.ch\/index.php?rest_route=\/wp\/v2\/pages\/23\/revisions"}],"predecessor-version":[{"id":24,"href":"https:\/\/www.atimuse.ch\/index.php?rest_route=\/wp\/v2\/pages\/23\/revisions\/24"}],"wp:featuredmedia":[{"embeddable":true,"href":"https:\/\/www.atimuse.ch\/index.php?rest_route=\/wp\/v2\/media\/49"}],"wp:attachment":[{"href":"https:\/\/www.atimuse.ch\/index.php?rest_route=%2Fwp%2Fv2%2Fmedia&parent=23"}],"curies":[{"name":"wp","href":"https:\/\/api.w.org\/{rel}","templated":true}]}}