{"id":25,"date":"2026-02-12T08:34:18","date_gmt":"2026-02-12T07:34:18","guid":{"rendered":"https:\/\/www.atimuse.ch\/?page_id=25"},"modified":"2026-02-12T08:57:08","modified_gmt":"2026-02-12T07:57:08","slug":"consigli-per-i-genitori","status":"publish","type":"page","link":"https:\/\/www.atimuse.ch\/?page_id=25","title":{"rendered":"CONSIGLI PER I GENITORI"},"content":{"rendered":"\n<p><strong>Cosa fare a casa: consigli per i genitori<\/strong><\/p>\n\n\n\n<p>I comportamenti dei bambini con Mutismo Selettivo, sebbene molto simili, non sono tutti uguali. Ogni bambino trova il suo personale modo di rapportarsi all\u2019unica cosa che li accomuna tutti: una profonda ansia. La maggior parte di questi bambini ha paura e si sente a disagio all\u2019idea di dover parlare. Ed ecco che c\u2019\u00e8 chi smette di parlare appena varcata la soglia di casa, chi invece anche tra le mura domestiche trova difficolt\u00e0 ad esprimersi, chi parla solo con persone adulte, chi lo fa solo con i propri coetanei, puo\u2019 anche accadere che il bambino possa chiacchierare ininterrottamente con una zia o zio e che comunichi solo in modo non verbale quando incontra questo membro della famiglia il giorno dopo.<\/p>\n\n\n\n<p>Non sono soltanto i bambini affetti da Mutismo Selettivo a soffrire in silenzio, ma anche le loro famiglie. I genitori a volte si sentono impotenti e non capiscono perch\u00e9 i loro figli non parlino: frustrazione, rabbia, senso di colpa e disperazione fanne parte di un insieme di emozioni che possono provare i genitori.<\/p>\n\n\n\n<p>Ognuno di loro seleziona le persone con cui si sente a proprio agio e parla con loro tranquillamente. Ma perch\u00e9 con le altre persone no? Cosa posso fare, e cosa non devo fare io, come genitore?<\/p>\n\n\n\n<p>Il primo atteggiamento importante, sia nei contesti sociali che a casa, \u00e8 non forzarlo mai a parlare. Utile invece, al fine di ridurre l\u2019ansia \u00e8 creare un clima rilassato e rassicurante, non punirlo o minacciarlo in caso di silenzio, non utilizzare premi come forma di ricatto (ad esempio: \u201cSe parli ti compro quel che vuoi\u201d), e tantomeno farlo sentire in colpa in caso di fallimento (\u201cSe non parli la mamma \u00e8 triste\u201d).<\/p>\n\n\n\n<p>Occorre evitare di creargli eccessive aspettative o sminuire la sua difficolt\u00e0, al contrario mostrare una pacata fiducia in lui pu\u00f2 risultare un atteggiamento rinforzante. Altra modalit\u00e0 di interazione importante, da parte del famigliare, \u00e8 non mostrare eccessiva meraviglia o felicit\u00e0 nel caso in cui il bambino iniziasse a parlare in luoghi o con persone differenti.<\/p>\n\n\n\n<p>Importante inoltre spiegargli il Mutismo Selettivo, utilizzando parole semplici e dando un nome e una connotazione chiara alla sua difficolt\u00e0, permettendogli cos\u00ec di realizzare di non essere il solo a viverla. Rassicuratelo costantemente: gli volete bene e siete pronti ad aiutarlo in qualsiasi momento.<\/p>\n\n\n\n<p>Utilizzate strategie creative per rendere semplici situazioni ansiogene: create dei giochi, siate divertenti e stimolanti, lanciate piccolissime sfide.<\/p>\n\n\n\n<p>Favorite progressivamente la sua autonomia, coinvolgendolo in azioni quotidiane di cura personale e aiuto domestico, create iniziative, programmate insieme le attivit\u00e0 che lo riguardano. Dategli piccole opportunit\u00e0 di socializzazione invitando compagni a casa (luogo per lui rassicurante).<\/p>\n\n\n\n<p>Collaborate infine con scuola e insegnanti. Fatevi descrivere il vostro bambino in classe, i suoi atteggiamenti che potranno essere molto diversi da quelli adottati in famiglia: pu\u00f2 succedere che la sensazione sia quella di non riconoscere il proprio figlio negli atteggiamenti inibiti adottati nei contesti sociali.<\/p>\n\n\n\n<p>Comprendere i suoi atteggiamenti in pubblico, essere disponibili a ricevere aiuto anche da uno specialista, vi aiuter\u00e0 ad aiutarlo.<\/p>\n","protected":false},"excerpt":{"rendered":"<p>Cosa fare a casa: consigli per i genitori I comportamenti dei bambini con Mutismo Selettivo, sebbene molto simili, non sono tutti uguali. Ogni bambino trova il suo personale modo di rapportarsi all\u2019unica cosa che li accomuna tutti: una profonda ansia. La maggior parte di questi bambini ha paura e si sente a disagio all\u2019idea di &hellip; <a href=\"https:\/\/www.atimuse.ch\/?page_id=25\" class=\"more-link\">Continua a leggere <span class=\"screen-reader-text\">CONSIGLI PER I GENITORI<\/span><\/a><\/p>\n","protected":false},"author":1,"featured_media":49,"parent":0,"menu_order":0,"comment_status":"closed","ping_status":"closed","template":"","meta":{"footnotes":""},"class_list":["post-25","page","type-page","status-publish","has-post-thumbnail","hentry"],"_links":{"self":[{"href":"https:\/\/www.atimuse.ch\/index.php?rest_route=\/wp\/v2\/pages\/25","targetHints":{"allow":["GET"]}}],"collection":[{"href":"https:\/\/www.atimuse.ch\/index.php?rest_route=\/wp\/v2\/pages"}],"about":[{"href":"https:\/\/www.atimuse.ch\/index.php?rest_route=\/wp\/v2\/types\/page"}],"author":[{"embeddable":true,"href":"https:\/\/www.atimuse.ch\/index.php?rest_route=\/wp\/v2\/users\/1"}],"replies":[{"embeddable":true,"href":"https:\/\/www.atimuse.ch\/index.php?rest_route=%2Fwp%2Fv2%2Fcomments&post=25"}],"version-history":[{"count":1,"href":"https:\/\/www.atimuse.ch\/index.php?rest_route=\/wp\/v2\/pages\/25\/revisions"}],"predecessor-version":[{"id":26,"href":"https:\/\/www.atimuse.ch\/index.php?rest_route=\/wp\/v2\/pages\/25\/revisions\/26"}],"wp:featuredmedia":[{"embeddable":true,"href":"https:\/\/www.atimuse.ch\/index.php?rest_route=\/wp\/v2\/media\/49"}],"wp:attachment":[{"href":"https:\/\/www.atimuse.ch\/index.php?rest_route=%2Fwp%2Fv2%2Fmedia&parent=25"}],"curies":[{"name":"wp","href":"https:\/\/api.w.org\/{rel}","templated":true}]}}